{"id":72,"date":"2017-06-09T12:22:54","date_gmt":"2017-06-09T16:22:54","guid":{"rendered":"http:\/\/autologique.qc.ca\/wordpress\/?page_id=72"},"modified":"2017-06-13T12:23:56","modified_gmt":"2017-06-13T16:23:56","slug":"ancien-blogue","status":"publish","type":"page","link":"http:\/\/autologique.qc.ca\/wordpress\/?page_id=72","title":{"rendered":"Ancien blogue"},"content":{"rendered":"<p>Vous pouvez toujours acc\u00e9der \u00e0 notre ancien blogue Magazine AutoLogique \u00e0\u00a0<a href=\"http:\/\/www.autologique.qc.ca\/blogs\/autologique.php\" target=\"_blank\" rel=\"noopener noreferrer\">http:\/\/www.autologique.qc.ca\/blogs\/autologique.php<\/a>, ainsi qu&rsquo;aux textes de Richard Roch \u00e0\u00a0<a href=\"http:\/\/www.autologique.qc.ca\/blogs\/blog4.php\" target=\"_blank\" rel=\"noopener noreferrer\">http:\/\/www.autologique.qc.ca\/blogs\/blog4.php<\/a>.<\/p>\n<p>&nbsp;<\/p>\n","protected":false},"excerpt":{"rendered":"<div class=\"mh-excerpt\"><p>Vous pouvez toujours acc\u00e9der \u00e0 notre ancien blogue Magazine AutoLogique \u00e0\u00a0http:\/\/www.autologique.qc.ca\/blogs\/autologique.php, ainsi qu&rsquo;aux textes de Richard Roch \u00e0\u00a0http:\/\/www.autologique.qc.ca\/blogs\/blog4.php. &nbsp;<\/p>\n<\/div>","protected":false},"author":1,"featured_media":0,"parent":0,"menu_order":2,"comment_status":"closed","ping_status":"closed","template":"","meta":{"footnotes":""},"class_list":["post-72","page","type-page","status-publish","hentry"],"_links":{"self":[{"href":"http:\/\/autologique.qc.ca\/wordpress\/index.php?rest_route=\/wp\/v2\/pages\/72"}],"collection":[{"href":"http:\/\/autologique.qc.ca\/wordpress\/index.php?rest_route=\/wp\/v2\/pages"}],"about":[{"href":"http:\/\/autologique.qc.ca\/wordpress\/index.php?rest_route=\/wp\/v2\/types\/page"}],"author":[{"embeddable":true,"href":"http:\/\/autologique.qc.ca\/wordpress\/index.php?rest_route=\/wp\/v2\/users\/1"}],"replies":[{"embeddable":true,"href":"http:\/\/autologique.qc.ca\/wordpress\/index.php?rest_route=%2Fwp%2Fv2%2Fcomments&post=72"}],"version-history":[{"count":1,"href":"http:\/\/autologique.qc.ca\/wordpress\/index.php?rest_route=\/wp\/v2\/pages\/72\/revisions"}],"predecessor-version":[{"id":74,"href":"http:\/\/autologique.qc.ca\/wordpress\/index.php?rest_route=\/wp\/v2\/pages\/72\/revisions\/74"}],"wp:attachment":[{"href":"http:\/\/autologique.qc.ca\/wordpress\/index.php?rest_route=%2Fwp%2Fv2%2Fmedia&parent=72"}],"curies":[{"name":"wp","href":"https:\/\/api.w.org\/{rel}","templated":true}]}}