{"id":2,"date":"2016-05-10T03:48:21","date_gmt":"2016-05-10T07:48:21","guid":{"rendered":"http:\/\/wp452m.a10-52-158-154.qa.plesk.ru\/wordpress\/?page_id=2"},"modified":"2017-06-13T12:44:41","modified_gmt":"2017-06-13T16:44:41","slug":"sample-page","status":"publish","type":"page","link":"http:\/\/autologique.qc.ca\/wordpress\/?page_id=2","title":{"rendered":"Qui sommes-nous?"},"content":{"rendered":"<p>Le Magazine AutoLogique publie des articles reli\u00e9s \u00e0 l&rsquo;automobile, et, parfois, \u00e0 l&rsquo;aviation.<\/p>\n<p>Par dessus tout, des essais routiers men\u00e9s par Richard Roch et Paul-Robert Raymond seront publi\u00e9s dans ce site. Suivez-nous sur <a href=\"https:\/\/www.facebook.com\/MagazineAutoLogique\/\" target=\"_blank\" rel=\"noopener\">Facebook<\/a>\u00a0et <a href=\"https:\/\/twitter.com\/MagAutoLogique\" target=\"_blank\" rel=\"noopener\">Twitter<\/a> afin de lire nos derniers articles.<\/p>\n<h2>Nos collaborateurs<\/h2>\n<h3>Richard Roch<\/h3>\n<p><img loading=\"lazy\" decoding=\"async\" class=\"alignnone size-thumbnail wp-image-81\" src=\"http:\/\/autologique.qc.ca\/wordpress\/wp-content\/uploads\/2017\/06\/Richard-Roch-150x150.jpg\" alt=\"\" width=\"150\" height=\"150\" \/><\/p>\n<p>Apr\u00e8s des \u00e9tudes classiques au Coll\u00e8ge Ste-Marie, \u00e0 Montr\u00e9al, Richard a \u00e9t\u00e9 embauch\u00e9 par Hydro-Qu\u00e9bec en 1968 o\u00f9 il a \u0153uvr\u00e9 en communications jusqu\u2019\u00e0 son d\u00e9part, en 1997. Il travaille maintenant comme pigiste en r\u00e9daction, en r\u00e9vision et en traduction pour diverses entreprises dans des domaines vari\u00e9s ainsi que comme journaliste et chroniqueur automobile. Il se sp\u00e9cialise surtout dans les technologies et les v\u00e9hicules verts.<\/p>\n<h3>Paul-Robert Raymond<\/h3>\n<p><img loading=\"lazy\" decoding=\"async\" class=\"alignnone size-thumbnail wp-image-100\" src=\"http:\/\/autologique.qc.ca\/wordpress\/wp-content\/uploads\/2016\/05\/Paul-Robert_Raymond_mars_2015-150x150.jpg\" alt=\"\" width=\"150\" height=\"150\" srcset=\"http:\/\/autologique.qc.ca\/wordpress\/wp-content\/uploads\/2016\/05\/Paul-Robert_Raymond_mars_2015-150x150.jpg 150w, http:\/\/autologique.qc.ca\/wordpress\/wp-content\/uploads\/2016\/05\/Paul-Robert_Raymond_mars_2015-300x300.jpg 300w, http:\/\/autologique.qc.ca\/wordpress\/wp-content\/uploads\/2016\/05\/Paul-Robert_Raymond_mars_2015-768x768.jpg 768w, http:\/\/autologique.qc.ca\/wordpress\/wp-content\/uploads\/2016\/05\/Paul-Robert_Raymond_mars_2015.jpg 941w\" sizes=\"(max-width: 150px) 100vw, 150px\" \/><\/p>\n<p>Actuellement journaliste pupitreur \u00e0 temps plein au quotidien <em>Le Soleil<\/em> \u00e0 Qu\u00e9bec, Paul-Robert Raymond collabore \u00e9galement dans les pages Auto et r\u00e9dige \u00e9galement des textes sur l&rsquo;aviation dans le m\u00eame journal. Il a fond\u00e9 le Magazine AutoLogique dans les ann\u00e9es 1990, dans la foul\u00e9e de l&rsquo;\u00e9mergence d&rsquo;Internet.<\/p>\n<p>Cliquez <a href=\"mailto:autologique@autologique.qc.ca\">ici<\/a> pour nous contacter par <a href=\"mailto:autologique@autologique.qc.ca\">courriel<\/a>.<\/p>\n","protected":false},"excerpt":{"rendered":"<div class=\"mh-excerpt\"><p>Le Magazine AutoLogique publie des articles reli\u00e9s \u00e0 l&rsquo;automobile, et, parfois, \u00e0 l&rsquo;aviation. Par dessus tout, des essais routiers men\u00e9s par Richard Roch et Paul-Robert <a class=\"mh-excerpt-more\" href=\"http:\/\/autologique.qc.ca\/wordpress\/?page_id=2\" title=\"Qui sommes-nous?\">[&#8230;]<\/a><\/p>\n<\/div>","protected":false},"author":1,"featured_media":5,"parent":0,"menu_order":1,"comment_status":"closed","ping_status":"closed","template":"","meta":{"footnotes":""},"class_list":["post-2","page","type-page","status-publish","has-post-thumbnail","hentry"],"_links":{"self":[{"href":"http:\/\/autologique.qc.ca\/wordpress\/index.php?rest_route=\/wp\/v2\/pages\/2"}],"collection":[{"href":"http:\/\/autologique.qc.ca\/wordpress\/index.php?rest_route=\/wp\/v2\/pages"}],"about":[{"href":"http:\/\/autologique.qc.ca\/wordpress\/index.php?rest_route=\/wp\/v2\/types\/page"}],"author":[{"embeddable":true,"href":"http:\/\/autologique.qc.ca\/wordpress\/index.php?rest_route=\/wp\/v2\/users\/1"}],"replies":[{"embeddable":true,"href":"http:\/\/autologique.qc.ca\/wordpress\/index.php?rest_route=%2Fwp%2Fv2%2Fcomments&post=2"}],"version-history":[{"count":9,"href":"http:\/\/autologique.qc.ca\/wordpress\/index.php?rest_route=\/wp\/v2\/pages\/2\/revisions"}],"predecessor-version":[{"id":104,"href":"http:\/\/autologique.qc.ca\/wordpress\/index.php?rest_route=\/wp\/v2\/pages\/2\/revisions\/104"}],"wp:featuredmedia":[{"embeddable":true,"href":"http:\/\/autologique.qc.ca\/wordpress\/index.php?rest_route=\/wp\/v2\/media\/5"}],"wp:attachment":[{"href":"http:\/\/autologique.qc.ca\/wordpress\/index.php?rest_route=%2Fwp%2Fv2%2Fmedia&parent=2"}],"curies":[{"name":"wp","href":"https:\/\/api.w.org\/{rel}","templated":true}]}}